{"id":15,"date":"2025-04-26T18:15:26","date_gmt":"2025-04-26T18:15:26","guid":{"rendered":"https:\/\/mfs-niederbayern.de\/?page_id=15"},"modified":"2025-05-21T08:20:55","modified_gmt":"2025-05-21T08:20:55","slug":"about-us","status":"publish","type":"page","link":"http:\/\/mfs-niederbayern.de\/de\/about-us\/","title":{"rendered":"\u00dcber uns"},"content":{"rendered":"<div data-elementor-type=\"wp-page\" data-elementor-id=\"15\" class=\"elementor elementor-15\" data-elementor-post-type=\"page\">\n\t\t\t\t<div class=\"elementor-element elementor-element-98a3e38 e-flex e-con-boxed e-con e-parent\" data-id=\"98a3e38\" data-element_type=\"container\" data-settings=\"{&quot;background_background&quot;:&quot;classic&quot;}\">\n\t\t\t\t\t<div class=\"e-con-inner\">\n\t\t\t\t\t<\/div>\n\t\t\t\t<\/div>\n\t\t<div class=\"elementor-element elementor-element-f4676b6 e-flex e-con-boxed e-con e-parent\" data-id=\"f4676b6\" data-element_type=\"container\" data-settings=\"{&quot;background_background&quot;:&quot;classic&quot;}\">\n\t\t\t\t\t<div class=\"e-con-inner\">\n\t\t<div class=\"elementor-element elementor-element-b84974e e-con-full e-flex e-con e-child\" data-id=\"b84974e\" data-element_type=\"container\">\n\t\t<div class=\"elementor-element elementor-element-55c6083 e-con-full e-flex e-con e-child\" data-id=\"55c6083\" data-element_type=\"container\">\n\t\t\t\t<div class=\"elementor-element elementor-element-0ca6b1c elementor-widget elementor-widget-heading\" data-id=\"0ca6b1c\" data-element_type=\"widget\" data-widget_type=\"heading.default\">\n\t\t\t\t<div class=\"elementor-widget-container\">\n\t\t\t\t\t<h2 class=\"elementor-heading-title elementor-size-default\">Unsere Geschichte<\/h2>\t\t\t\t<\/div>\n\t\t\t\t<\/div>\n\t\t\t\t<div class=\"elementor-element elementor-element-9e1b198 elementor-widget elementor-widget-heading\" data-id=\"9e1b198\" data-element_type=\"widget\" data-widget_type=\"heading.default\">\n\t\t\t\t<div class=\"elementor-widget-container\">\n\t\t\t\t\t<h2 class=\"elementor-heading-title elementor-size-default\">WO DIE FUSSBALLERISCHE UND PERS\u00d6NLICHE ENTWICKLUNG VON KINDERN UND JUGENDLICHEN ZUR MISSION WURDE<\/h2>\t\t\t\t<\/div>\n\t\t\t\t<\/div>\n\t\t\t\t<\/div>\n\t\t<div class=\"elementor-element elementor-element-499d529 e-con-full e-flex e-con e-child\" data-id=\"499d529\" data-element_type=\"container\">\n\t\t\t\t<div class=\"elementor-element elementor-element-a85a787 elementor-widget elementor-widget-text-editor\" data-id=\"a85a787\" data-element_type=\"widget\" data-widget_type=\"text-editor.default\">\n\t\t\t\t<div class=\"elementor-widget-container\">\n\t\t\t\t\t\t\t\t\t<p>Unsere Fu\u00dfballschule wurde 2021 im Herzen Niederbayerns gegr\u00fcndet und entstand aus der Idee, die Ausbildung im Jugendfu\u00dfball in Niederbayerns zu revolutionieren. Was mit einer Trainingseinheit von wenigen Jugendspielern begann, hat sich zu der gr\u00f6\u00dften Fu\u00dfballschule Niederbayerns entwickelt.<\/p>\t\t\t\t\t\t\t\t<\/div>\n\t\t\t\t<\/div>\n\t\t\t\t<div class=\"elementor-element elementor-element-0ed8d87 elementor-widget elementor-widget-text-editor\" data-id=\"0ed8d87\" data-element_type=\"widget\" data-widget_type=\"text-editor.default\">\n\t\t\t\t<div class=\"elementor-widget-container\">\n\t\t\t\t\t\t\t\t\t<p>Unsere Fu\u00dfballschule wurde von engagierten Trainern und Sportwissenschaftlern, die eine L\u00fccke in der technischen Fu\u00dfballausbildung im Jugendfu\u00dfball erkannten, gegr\u00fcndet. Sie sahen eine passorientierte fu\u00dfballerische Ausbildung in gro\u00dfen Trainingsgruppen, die von Verb\u00e4nden und Vereinen praktiziert wurde. Diese Beobachtung f\u00fchrte zu Entwicklung unserer einzigartigen, technikorientierten Methodik mit der individuellen Ausbildung in kleinen Gruppengr\u00f6\u00dfen, was zu unserem Markenzeichen geworden ist.<\/p>\t\t\t\t\t\t\t\t<\/div>\n\t\t\t\t<\/div>\n\t\t\t\t<\/div>\n\t\t\t\t<\/div>\n\t\t<div class=\"elementor-element elementor-element-4d81efb e-con-full e-flex e-con e-child\" data-id=\"4d81efb\" data-element_type=\"container\" data-settings=\"{&quot;background_background&quot;:&quot;classic&quot;}\">\n\t\t\t\t<\/div>\n\t\t\t\t\t<\/div>\n\t\t\t\t<\/div>\n\t\t<div class=\"elementor-element elementor-element-53a5d96 e-flex e-con-boxed e-con e-parent\" data-id=\"53a5d96\" data-element_type=\"container\" data-settings=\"{&quot;background_background&quot;:&quot;classic&quot;}\">\n\t\t\t\t\t<div class=\"e-con-inner\">\n\t\t<div class=\"elementor-element elementor-element-443e826 e-con-full e-flex e-con e-child\" data-id=\"443e826\" data-element_type=\"container\" data-settings=\"{&quot;background_background&quot;:&quot;classic&quot;}\">\n\t\t\t\t<\/div>\n\t\t<div class=\"elementor-element elementor-element-bdc0b79 e-con-full e-flex e-con e-child\" data-id=\"bdc0b79\" data-element_type=\"container\">\n\t\t<div class=\"elementor-element elementor-element-e109dc1 e-con-full e-flex e-con e-child\" data-id=\"e109dc1\" data-element_type=\"container\">\n\t\t\t\t<div class=\"elementor-element elementor-element-474c363 elementor-widget elementor-widget-heading\" data-id=\"474c363\" data-element_type=\"widget\" data-widget_type=\"heading.default\">\n\t\t\t\t<div class=\"elementor-widget-container\">\n\t\t\t\t\t<h2 class=\"elementor-heading-title elementor-size-default\">Unsere Vision<\/h2>\t\t\t\t<\/div>\n\t\t\t\t<\/div>\n\t\t\t\t<div class=\"elementor-element elementor-element-19014f7 elementor-widget elementor-widget-heading\" data-id=\"19014f7\" data-element_type=\"widget\" data-widget_type=\"heading.default\">\n\t\t\t\t<div class=\"elementor-widget-container\">\n\t\t\t\t\t<h2 class=\"elementor-heading-title elementor-size-default\">SPIELER DURCH INDIVIDUELLES\nCOACHING F\u00d6RDERN<\/h2>\t\t\t\t<\/div>\n\t\t\t\t<\/div>\n\t\t\t\t<\/div>\n\t\t<div class=\"elementor-element elementor-element-7477a05 e-con-full e-flex e-con e-child\" data-id=\"7477a05\" data-element_type=\"container\">\n\t\t\t\t<div class=\"elementor-element elementor-element-13768ef elementor-widget elementor-widget-text-editor\" data-id=\"13768ef\" data-element_type=\"widget\" data-widget_type=\"text-editor.default\">\n\t\t\t\t<div class=\"elementor-widget-container\">\n\t\t\t\t\t\t\t\t\tWir haben es uns zur Aufgabe gemacht,\nSpielern aller Altersgruppen, eine\ntechnikorientierte Fu\u00dfballausbildung auf\nh\u00f6chstem Niveau zu bieten\t\t\t\t\t\t\t\t<\/div>\n\t\t\t\t<\/div>\n\t\t\t\t<div class=\"elementor-element elementor-element-3cd4e6b elementor-widget elementor-widget-text-editor\" data-id=\"3cd4e6b\" data-element_type=\"widget\" data-widget_type=\"text-editor.default\">\n\t\t\t\t<div class=\"elementor-widget-container\">\n\t\t\t\t\t\t\t\t\tDiese Vision treibt uns an, unsere\nTrainingsmethoden st\u00e4ndig\nweiterzuentwickeln, unsere\nOrganisationsstruktur zu erweitern und unser\nTrainerteam weiterzuentwickeln, umso\nau\u00dfergew\u00f6hnliche Ergebnisse zu erzielen.\t\t\t\t\t\t\t\t<\/div>\n\t\t\t\t<\/div>\n\t\t\t\t<\/div>\n\t\t\t\t<\/div>\n\t\t\t\t\t<\/div>\n\t\t\t\t<\/div>\n\t\t<div class=\"elementor-element elementor-element-c8ad6f2 e-flex e-con-boxed e-con e-parent\" data-id=\"c8ad6f2\" data-element_type=\"container\">\n\t\t\t\t\t<div class=\"e-con-inner\">\n\t\t<div class=\"elementor-element elementor-element-6f198a6 e-con-full e-flex e-con e-child\" data-id=\"6f198a6\" data-element_type=\"container\">\n\t\t\t\t<div class=\"elementor-element elementor-element-d40a3ae elementor-widget elementor-widget-heading\" data-id=\"d40a3ae\" data-element_type=\"widget\" data-widget_type=\"heading.default\">\n\t\t\t\t<div class=\"elementor-widget-container\">\n\t\t\t\t\t<h2 class=\"elementor-heading-title elementor-size-default\">Unsere Philosophie<\/h2>\t\t\t\t<\/div>\n\t\t\t\t<\/div>\n\t\t\t\t<div class=\"elementor-element elementor-element-cfb624e elementor-widget elementor-widget-heading\" data-id=\"cfb624e\" data-element_type=\"widget\" data-widget_type=\"heading.default\">\n\t\t\t\t<div class=\"elementor-widget-container\">\n\t\t\t\t\t<h2 class=\"elementor-heading-title elementor-size-default\">ENTWICKLUNG VON SELBSTBEWUSSTEN SPIELERN DURCH TECHNIKORIENTIERTES\nTRAINING IN KLEINGRUPPEN<\/h2>\t\t\t\t<\/div>\n\t\t\t\t<\/div>\n\t\t\t\t<\/div>\n\t\t\t\t<div class=\"elementor-element elementor-element-08cef56 elementor-widget elementor-widget-text-editor\" data-id=\"08cef56\" data-element_type=\"widget\" data-widget_type=\"text-editor.default\">\n\t\t\t\t<div class=\"elementor-widget-container\">\n\t\t\t\t\t\t\t\t\tUnser einzigartiger Ansatz konzentriert sich auf technikorientiertes Training in Kleingruppen mit\nu\u0308ber 100 verschiedenen fu\u00dfballerischen Techniken (Finten, Schusstechniken, Passtechniken\netc.). Diese beherrschen die Spieler nicht nur, sondern k\u00f6nnen sie auch in Spielsituationen\ngewinnbringend anwenden. Die umfassende technische Ausbildung st\u00e4rkt das Selbstvertrauen\nunserer Spieler und bef\u00e4higt sie, anspruchsvolle Spielsituationen mit technischem Geschick zu\nmeistern.\t\t\t\t\t\t\t\t<\/div>\n\t\t\t\t<\/div>\n\t\t\t\t\t<\/div>\n\t\t\t\t<\/div>\n\t\t<div class=\"elementor-element elementor-element-9b38076 e-flex e-con-boxed e-con e-parent\" data-id=\"9b38076\" data-element_type=\"container\">\n\t\t\t\t\t<div class=\"e-con-inner\">\n\t\t<div class=\"elementor-element elementor-element-e0bdd23 e-con-full e-grid e-con e-child\" data-id=\"e0bdd23\" data-element_type=\"container\">\n\t\t<div class=\"elementor-element elementor-element-4a577fb e-con-full e-flex e-con e-child\" data-id=\"4a577fb\" data-element_type=\"container\">\n\t\t\t\t<div class=\"elementor-element elementor-element-667b8d5 elementor-widget elementor-widget-heading\" data-id=\"667b8d5\" data-element_type=\"widget\" data-widget_type=\"heading.default\">\n\t\t\t\t<div class=\"elementor-widget-container\">\n\t\t\t\t\t<h2 class=\"elementor-heading-title elementor-size-default\">Exzellenz in jedem Detail<\/h2>\t\t\t\t<\/div>\n\t\t\t\t<\/div>\n\t\t\t\t<div class=\"elementor-element elementor-element-539c67e elementor-widget elementor-widget-text-editor\" data-id=\"539c67e\" data-element_type=\"widget\" data-widget_type=\"text-editor.default\">\n\t\t\t\t<div class=\"elementor-widget-container\">\n\t\t\t\t\t\t\t\t\tWir streben nach Exzellenz durch\nWeiterentwicklung unserer\nTrainingsphilosophie und unseres\nUnternehmens.\t\t\t\t\t\t\t\t<\/div>\n\t\t\t\t<\/div>\n\t\t\t\t<\/div>\n\t\t<div class=\"elementor-element elementor-element-7a23071 e-con-full e-flex e-con e-child\" data-id=\"7a23071\" data-element_type=\"container\">\n\t\t\t\t<div class=\"elementor-element elementor-element-0e5f2c2 elementor-widget elementor-widget-heading\" data-id=\"0e5f2c2\" data-element_type=\"widget\" data-widget_type=\"heading.default\">\n\t\t\t\t<div class=\"elementor-widget-container\">\n\t\t\t\t\t<h2 class=\"elementor-heading-title elementor-size-default\">Vertrauen und Respekt<\/h2>\t\t\t\t<\/div>\n\t\t\t\t<\/div>\n\t\t\t\t<div class=\"elementor-element elementor-element-b104238 elementor-widget elementor-widget-text-editor\" data-id=\"b104238\" data-element_type=\"widget\" data-widget_type=\"text-editor.default\">\n\t\t\t\t<div class=\"elementor-widget-container\">\n\t\t\t\t\t\t\t\t\tWir respektieren alle Spieler,\nEltern, Vereinsfunktion\u00e4re etc.,\nsch\u00e4tzen St\u00e4rken und Schw\u00e4chen\nund bauen gegenseitiges\nVertrauen auf.\t\t\t\t\t\t\t\t<\/div>\n\t\t\t\t<\/div>\n\t\t\t\t<\/div>\n\t\t<div class=\"elementor-element elementor-element-d3f3fb7 e-con-full e-flex e-con e-child\" data-id=\"d3f3fb7\" data-element_type=\"container\">\n\t\t\t\t<div class=\"elementor-element elementor-element-3ee3d86 elementor-widget elementor-widget-heading\" data-id=\"3ee3d86\" data-element_type=\"widget\" data-widget_type=\"heading.default\">\n\t\t\t\t<div class=\"elementor-widget-container\">\n\t\t\t\t\t<h2 class=\"elementor-heading-title elementor-size-default\">Spielerorientierter Ansatz<\/h2>\t\t\t\t<\/div>\n\t\t\t\t<\/div>\n\t\t\t\t<div class=\"elementor-element elementor-element-2ddea5b elementor-widget elementor-widget-text-editor\" data-id=\"2ddea5b\" data-element_type=\"widget\" data-widget_type=\"text-editor.default\">\n\t\t\t\t<div class=\"elementor-widget-container\">\n\t\t\t\t\t\t\t\t\tDie Entwicklung der Spieler ist\nder Motor jeder unserer\nTrainingsprogramme und\nunternehmerischen\nEntscheidungen.\t\t\t\t\t\t\t\t<\/div>\n\t\t\t\t<\/div>\n\t\t\t\t<\/div>\n\t\t<div class=\"elementor-element elementor-element-9dad6d1 e-con-full e-flex e-con e-child\" data-id=\"9dad6d1\" data-element_type=\"container\">\n\t\t\t\t<div class=\"elementor-element elementor-element-8e0ccc5 elementor-widget elementor-widget-heading\" data-id=\"8e0ccc5\" data-element_type=\"widget\" data-widget_type=\"heading.default\">\n\t\t\t\t<div class=\"elementor-widget-container\">\n\t\t\t\t\t<h2 class=\"elementor-heading-title elementor-size-default\">Teamwork<\/h2>\t\t\t\t<\/div>\n\t\t\t\t<\/div>\n\t\t\t\t<div class=\"elementor-element elementor-element-e90eadf elementor-widget elementor-widget-text-editor\" data-id=\"e90eadf\" data-element_type=\"widget\" data-widget_type=\"text-editor.default\">\n\t\t\t\t<div class=\"elementor-widget-container\">\n\t\t\t\t\t\t\t\t\tTeamwork ist der Motor unseres\nErfolgs und ein Vorbild fu\u0308r Spieler.\t\t\t\t\t\t\t\t<\/div>\n\t\t\t\t<\/div>\n\t\t\t\t<\/div>\n\t\t<div class=\"elementor-element elementor-element-404723f e-con-full e-flex e-con e-child\" data-id=\"404723f\" data-element_type=\"container\">\n\t\t\t\t<div class=\"elementor-element elementor-element-3d7adb2 elementor-widget elementor-widget-heading\" data-id=\"3d7adb2\" data-element_type=\"widget\" data-widget_type=\"heading.default\">\n\t\t\t\t<div class=\"elementor-widget-container\">\n\t\t\t\t\t<h2 class=\"elementor-heading-title elementor-size-default\">Ehrlichkeit und\nAuthentizit\u00e4t<\/h2>\t\t\t\t<\/div>\n\t\t\t\t<\/div>\n\t\t\t\t<div class=\"elementor-element elementor-element-39d2b88 elementor-widget elementor-widget-text-editor\" data-id=\"39d2b88\" data-element_type=\"widget\" data-widget_type=\"text-editor.default\">\n\t\t\t\t<div class=\"elementor-widget-container\">\n\t\t\t\t\t\t\t\t\tWir kommunizieren ehrlich,\nfreundlich und klar.\t\t\t\t\t\t\t\t<\/div>\n\t\t\t\t<\/div>\n\t\t\t\t<\/div>\n\t\t<div class=\"elementor-element elementor-element-e511995 e-con-full e-flex e-con e-child\" data-id=\"e511995\" data-element_type=\"container\">\n\t\t\t\t<div class=\"elementor-element elementor-element-2747d16 elementor-widget elementor-widget-heading\" data-id=\"2747d16\" data-element_type=\"widget\" data-widget_type=\"heading.default\">\n\t\t\t\t<div class=\"elementor-widget-container\">\n\t\t\t\t\t<h2 class=\"elementor-heading-title elementor-size-default\">Freude an der\nWeiterentwicklung<\/h2>\t\t\t\t<\/div>\n\t\t\t\t<\/div>\n\t\t\t\t<div class=\"elementor-element elementor-element-7553136 elementor-widget elementor-widget-text-editor\" data-id=\"7553136\" data-element_type=\"widget\" data-widget_type=\"text-editor.default\">\n\t\t\t\t<div class=\"elementor-widget-container\">\n\t\t\t\t\t\t\t\t\tWir trainieren mit Freude \u2013\ndenn Spa\u00df ist der Motor\nechter Entwicklung.\t\t\t\t\t\t\t\t<\/div>\n\t\t\t\t<\/div>\n\t\t\t\t<\/div>\n\t\t\t\t<\/div>\n\t\t<div class=\"elementor-element elementor-element-5f74490 e-con-full e-flex e-con e-child\" data-id=\"5f74490\" data-element_type=\"container\" data-settings=\"{&quot;background_background&quot;:&quot;classic&quot;}\">\n\t\t\t\t<\/div>\n\t\t\t\t\t<\/div>\n\t\t\t\t<\/div>\n\t\t\t\t<\/div>","protected":false},"excerpt":{"rendered":"<p>Our Story Where The Footballing And Personal Development Of Children And Young People Became A Mission Founded in 2021 in the heart of Niederbayern, our football academy emerged from a passion to revolutionize youth sports training in Germany. What began as small training sessions with just fifteen dedicated young players has evolved into one of [&hellip;]<\/p>","protected":false},"author":1,"featured_media":0,"parent":0,"menu_order":0,"comment_status":"closed","ping_status":"closed","template":"","meta":{"footnotes":""},"class_list":["post-15","page","type-page","status-publish","hentry"],"_links":{"self":[{"href":"http:\/\/mfs-niederbayern.de\/de\/wp-json\/wp\/v2\/pages\/15","targetHints":{"allow":["GET"]}}],"collection":[{"href":"http:\/\/mfs-niederbayern.de\/de\/wp-json\/wp\/v2\/pages"}],"about":[{"href":"http:\/\/mfs-niederbayern.de\/de\/wp-json\/wp\/v2\/types\/page"}],"author":[{"embeddable":true,"href":"http:\/\/mfs-niederbayern.de\/de\/wp-json\/wp\/v2\/users\/1"}],"replies":[{"embeddable":true,"href":"http:\/\/mfs-niederbayern.de\/de\/wp-json\/wp\/v2\/comments?post=15"}],"version-history":[{"count":88,"href":"http:\/\/mfs-niederbayern.de\/de\/wp-json\/wp\/v2\/pages\/15\/revisions"}],"predecessor-version":[{"id":2007,"href":"http:\/\/mfs-niederbayern.de\/de\/wp-json\/wp\/v2\/pages\/15\/revisions\/2007"}],"wp:attachment":[{"href":"http:\/\/mfs-niederbayern.de\/de\/wp-json\/wp\/v2\/media?parent=15"}],"curies":[{"name":"wp","href":"https:\/\/api.w.org\/{rel}","templated":true}]}}